{"id":5881,"date":"2023-09-26T13:33:23","date_gmt":"2023-09-26T17:33:23","guid":{"rendered":"https:\/\/artisansaloeuvre.com\/politique-de-confidentialite\/"},"modified":"2023-09-26T14:14:07","modified_gmt":"2023-09-26T18:14:07","slug":"policy-privacy","status":"publish","type":"page","link":"https:\/\/artisansaloeuvre.com\/en\/policy-privacy\/","title":{"rendered":"Policy privacy"},"content":{"rendered":"<p><strong>Soci\u00e9t\u00e9 du r\u00e9seau \u00c9CONOMUS\u00c9E\u00ae<\/strong><\/p>\n<p><strong>Confidentialit\u00e9 des donn\u00e9es personnelles<\/strong><br \/>\n<strong>Politique de confidentialit\u00e9 de la Soci\u00e9t\u00e9 du r\u00e9seau \u00c9CONOMUS\u00c9E\u00ae<\/strong><\/p>\n<p>&nbsp;<\/p>\n<p>La Soci\u00e9t\u00e9 du r\u00e9seau \u00c9CONOMUS\u00c9E\u00ae (SR\u00c9) prend la protection de vos renseignements personnels tr\u00e8s au s\u00e9rieux. Nous comprenons l\u2019importance de maintenir la confidentialit\u00e9 de vos informations personnelles. La pr\u00e9sente politique vous fournira de plus amples informations sur la fa\u00e7on dont nous recueillons, utilisons et prot\u00e9geons les informations qui nous sont transmises par les usagers de notre site web.<\/p>\n<p><strong>Collecte de renseignements personnels<\/strong><\/p>\n<p>Tous les renseignements qui concernent une personne et qui pourraient permettre de l\u2019identifier (adresse courriel, num\u00e9ro de t\u00e9l\u00e9phone, informations financi\u00e8res, adresse postale, etc.) sont d\u00e9sign\u00e9s par le terme \u00ab renseignements personnels \u00bb.<\/p>\n<p>Lorsque vous visitez le site web <a href=\"http:\/\/www.artisansaloeuvre.com\">www.artisansaloeuvre.com<\/a> ou <a href=\"http:\/\/www.economusees.com\">www.economusees.com<\/a> , nous recueillons automatiquement \u00e0 l\u2019aide de l\u2019outil Google Analytics des donn\u00e9es g\u00e9n\u00e9riques de navigation, notamment le navigateur et le syst\u00e8me d\u2019exploitation que vous utilisez, le temps pass\u00e9 \u00e0 naviguer sur notre site web ainsi que les pages visit\u00e9es. Ceci nous permet de mieux comprendre comment les utilisateurs naviguent sur notre site web et d\u2019am\u00e9liorer l\u2019exp\u00e9rience de consultation du site.<\/p>\n<p>Vos renseignements personnels peuvent aussi provenir d\u2019une inscription \u00e0 l\u2019infolettre. Nous ne recueillons que les renseignements personnels minimales et n\u00e9cessaires \u00e0 des fins administratives.<\/p>\n<p><strong>Confidentialit\u00e9 et utilisation de renseignements personnels<\/strong><\/p>\n<p>Nous contr\u00f4lons rigoureusement la fa\u00e7on dont vos renseignements personnels sont recueillis, conserv\u00e9s et utilis\u00e9s. Toutes les donn\u00e9es personnelles recueillies demeurent strictement confidentielles\u00a0: elles ne sont ni partag\u00e9es ni vendues \u00e0 des tiers.<\/p>\n<p><strong>Retrait d\u2019une liste d\u2019envoi<\/strong><\/p>\n<p>\u00c0 tout moment, vous pouvez choisir de ne plus recevoir notre infolettre et les envois cibl\u00e9s sur nos produits et services. Pour ce faire, vous pouvez utiliser le lien fourni au bas de chacun des courriels qui vous est envoy\u00e9 par Artisans \u00e0 l\u2019\u0153uvre ou Soci\u00e9t\u00e9 du r\u00e9seau \u00c9CONOMUS\u00c9E\u00ae.<\/p>\n<p>Veuillez noter qu\u2019il vous est aussi possible de nous demander de cesser les envois en nous envoyant un courriel \u00e0 <a href=\"mailto:vieprivee@economusees.com\">vieprivee@economusees.com<\/a><\/p>\n<p><strong>Cookies<\/strong><\/p>\n<p>Nous utilisons des cookies pour am\u00e9liorer votre exp\u00e9rience de navigation sur notre site web et pour mieux comprendre comment vous utilisez notre site web. Les cookies sont de petits fichiers qui sont stock\u00e9s sur votre ordinateur lorsque vous visitez notre site web. Ils contiennent des informations telles que la langue d\u2019affichage et certaines habitudes de navigation. Ces donn\u00e9es sont utilis\u00e9es pour activer certaines fonctionnalit\u00e9s et faciliter votre navigation. Les informations recueillies par les cookies sont confidentielles et anonymis\u00e9es en tout temps. Vous pouvez d\u00e9sactiver ou bloquer les cookies en configurant les param\u00e8tres de votre navigateur.<\/p>\n<p><strong>Liens vers d\u2019autres sites web<\/strong><\/p>\n<p>Nous ne sommes pas responsables des pratiques employ\u00e9es par les sites web li\u00e9s \u00e0 ou atteignables \u00e0 partir des sites web, ni les informations ou le contenu qui s\u2019y trouvent. Rappelez-vous que lorsque vous utilisez un lien pour aller du site web vers un autre site, notre politique de confidentialit\u00e9 ne s\u2019applique plus. La navigation et l\u2019interaction sur tout autre site web, y compris ceux qui ont un lien sur notre site, est soumise \u00e0 ses propres r\u00e8gles et politiques de ce site web.<\/p>\n<p><strong>Acc\u00e8s \u00e0 vos renseignements personnels<\/strong><\/p>\n<p>Une fois que nous vous avons bien identifi\u00e9, vous pouvez demander de consulter les renseignements personnels que nous poss\u00e9dons \u00e0 votre sujet, selon ce que la loi autorise ou exige. Dans certains cas, une demande \u00e9crite de votre part peut \u00eatre n\u00e9cessaire.<\/p>\n<p>Les renseignements personnels que vous nous avez fournis ne peuvent \u00eatre retransmis ou modifi\u00e9s par un membre de votre famille, un ami ou une tierce personne \u00e0 moins que vous y consentiez.<\/p>\n<p>L\u2019acc\u00e8s \u00e0 vos renseignements personnels est assujetti \u00e0 la juridiction des lois et des tribunaux locaux.<\/p>\n<p><strong>Dur\u00e9e de conservation<\/strong><\/p>\n<p>Vos informations personnelles sont conserv\u00e9es par la SR\u00c9 uniquement pour le temps correspondant aux fins pour lesquelles elles ont \u00e9t\u00e9 collect\u00e9es, et ce, \u00e0 moins qu\u2019une dur\u00e9e de conservation plus longue ne soit exig\u00e9e ou autoris\u00e9e par la loi.<\/p>\n<p><strong>Exactitude et la modification de vos renseignements personnels<\/strong><\/p>\n<p>En tout temps, vous pouvez demander que des corrections soient apport\u00e9es aux renseignements personnels que nous poss\u00e9dons sur vous.<\/p>\n<p><strong>Coordonn\u00e9es du Responsable de la Protection des Renseignements Personnels<\/strong><\/p>\n<p>La personne responsable des renseignements personnels collect\u00e9s \u00e0 la SR\u00c9 est\u00a0:<\/p>\n<p>Carl-\u00c9ric Guertin, Directeur g\u00e9n\u00e9ral<\/p>\n<p><a href=\"mailto:vieprivee@economusees.com\">vieprivee@economusees.com<\/a><\/p>\n<p>Le responsable de la protection des renseignements personnels prendra contact avec vous dans les trente (30) jours suivant la r\u00e9ception de votre courriel.<\/p>\n<p>En cas d\u2019incident s\u00e9rieux de confidentialit\u00e9, la SR\u00c9 avisera la Commission d\u2019acc\u00e8s \u00e0 l\u2019information du Qu\u00e9bec, ainsi que les personnes concern\u00e9es par l\u2019incident.<\/p>\n<p><strong>Consentement<\/strong><\/p>\n<p>En utilisant nos services, vous consentez \u00e0 la collecte, \u00e0 l\u2019utilisation et \u00e0 la divulgation de vos renseignements personnels conform\u00e9ment \u00e0 cette politique de confidentialit\u00e9. Si vous avez des questions ou des pr\u00e9occupations au sujet de la protection de vos renseignements personnels, veuillez communiquer avec nous par courriel \u00e0\u00a0<a href=\"mailto:vieprivee@economusees.com\">vieprivee@economusees.com<\/a><\/p>\n<p><strong>Mise \u00e0 jour de la politique ci-dessus<\/strong><\/p>\n<p>Nous nous r\u00e9servons le droit de modifier cette politique de confidentialit\u00e9 \u00e0 tout moment. Toute modification sera affich\u00e9e sur notre site web et sera effective imm\u00e9diatement.<\/p>\n<p>Cette version a \u00e9t\u00e9 mise \u00e0 jour le 15 septembre 2023.<\/p>\n","protected":false},"excerpt":{"rendered":"<p>Soci\u00e9t\u00e9 du r\u00e9seau \u00c9CONOMUS\u00c9E\u00ae Confidentialit\u00e9 des donn\u00e9es personnelles Politique de confidentialit\u00e9 de la Soci\u00e9t\u00e9 du r\u00e9seau \u00c9CONOMUS\u00c9E\u00ae &nbsp; La Soci\u00e9t\u00e9 du r\u00e9seau \u00c9CONOMUS\u00c9E\u00ae (SR\u00c9) prend la protection de vos renseignements personnels tr\u00e8s au s\u00e9rieux. Nous comprenons l\u2019importance de maintenir la confidentialit\u00e9 de vos informations personnelles. La pr\u00e9sente politique vous fournira de plus amples informations sur [&hellip;]<\/p>\n","protected":false},"author":1,"featured_media":0,"parent":0,"menu_order":0,"comment_status":"closed","ping_status":"closed","template":"template-single.php","meta":{"_acf_changed":false,"inline_featured_image":false,"footnotes":""},"class_list":["post-5881","page","type-page","status-publish","hentry"],"acf":[],"yoast_head":"<!-- This site is optimized with the Yoast SEO plugin v27.4 - https:\/\/yoast.com\/product\/yoast-seo-wordpress\/ -->\n<title>Policy privacy - Artisans at work<\/title>\n<meta name=\"robots\" content=\"index, follow, max-snippet:-1, max-image-preview:large, max-video-preview:-1\" \/>\n<link rel=\"canonical\" href=\"https:\/\/artisansaloeuvre.com\/en\/policy-privacy\/\" \/>\n<meta property=\"og:locale\" content=\"en_US\" \/>\n<meta property=\"og:type\" content=\"article\" \/>\n<meta property=\"og:title\" content=\"Policy privacy - Artisans at work\" \/>\n<meta property=\"og:description\" content=\"Soci\u00e9t\u00e9 du r\u00e9seau \u00c9CONOMUS\u00c9E\u00ae Confidentialit\u00e9 des donn\u00e9es personnelles Politique de confidentialit\u00e9 de la Soci\u00e9t\u00e9 du r\u00e9seau \u00c9CONOMUS\u00c9E\u00ae &nbsp; La Soci\u00e9t\u00e9 du r\u00e9seau \u00c9CONOMUS\u00c9E\u00ae (SR\u00c9) prend la protection de vos renseignements personnels tr\u00e8s au s\u00e9rieux. Nous comprenons l\u2019importance de maintenir la confidentialit\u00e9 de vos informations personnelles. La pr\u00e9sente politique vous fournira de plus amples informations sur [&hellip;]\" \/>\n<meta property=\"og:url\" content=\"https:\/\/artisansaloeuvre.com\/en\/policy-privacy\/\" \/>\n<meta property=\"og:site_name\" content=\"Artisans at work\" \/>\n<meta property=\"article:modified_time\" content=\"2023-09-26T18:14:07+00:00\" \/>\n<meta property=\"og:image\" content=\"https:\/\/artisansaloeuvre.com\/wp-content\/uploads\/2021\/08\/sre_og.jpg\" \/>\n\t<meta property=\"og:image:width\" content=\"1200\" \/>\n\t<meta property=\"og:image:height\" content=\"630\" \/>\n\t<meta property=\"og:image:type\" content=\"image\/jpeg\" \/>\n<meta name=\"twitter:card\" content=\"summary_large_image\" \/>\n<meta name=\"twitter:label1\" content=\"Est. reading time\" \/>\n\t<meta name=\"twitter:data1\" content=\"5 minutes\" \/>\n<!-- \/ Yoast SEO plugin. -->","yoast_head_json":{"title":"Policy privacy - Artisans at work","robots":{"index":"index","follow":"follow","max-snippet":"max-snippet:-1","max-image-preview":"max-image-preview:large","max-video-preview":"max-video-preview:-1"},"canonical":"https:\/\/artisansaloeuvre.com\/en\/policy-privacy\/","og_locale":"en_US","og_type":"article","og_title":"Policy privacy - Artisans at work","og_description":"Soci\u00e9t\u00e9 du r\u00e9seau \u00c9CONOMUS\u00c9E\u00ae Confidentialit\u00e9 des donn\u00e9es personnelles Politique de confidentialit\u00e9 de la Soci\u00e9t\u00e9 du r\u00e9seau \u00c9CONOMUS\u00c9E\u00ae &nbsp; La Soci\u00e9t\u00e9 du r\u00e9seau \u00c9CONOMUS\u00c9E\u00ae (SR\u00c9) prend la protection de vos renseignements personnels tr\u00e8s au s\u00e9rieux. Nous comprenons l\u2019importance de maintenir la confidentialit\u00e9 de vos informations personnelles. La pr\u00e9sente politique vous fournira de plus amples informations sur [&hellip;]","og_url":"https:\/\/artisansaloeuvre.com\/en\/policy-privacy\/","og_site_name":"Artisans at work","article_modified_time":"2023-09-26T18:14:07+00:00","og_image":[{"width":1200,"height":630,"url":"https:\/\/artisansaloeuvre.com\/wp-content\/uploads\/2021\/08\/sre_og.jpg","type":"image\/jpeg"}],"twitter_card":"summary_large_image","twitter_misc":{"Est. reading time":"5 minutes"},"schema":{"@context":"https:\/\/schema.org","@graph":[{"@type":"WebPage","@id":"https:\/\/artisansaloeuvre.com\/en\/policy-privacy\/","url":"https:\/\/artisansaloeuvre.com\/en\/policy-privacy\/","name":"Policy privacy - Artisans at work","isPartOf":{"@id":"https:\/\/artisansaloeuvre.com\/#website"},"datePublished":"2023-09-26T17:33:23+00:00","dateModified":"2023-09-26T18:14:07+00:00","breadcrumb":{"@id":"https:\/\/artisansaloeuvre.com\/en\/policy-privacy\/#breadcrumb"},"inLanguage":"en-US","potentialAction":[{"@type":"ReadAction","target":["https:\/\/artisansaloeuvre.com\/en\/policy-privacy\/"]}]},{"@type":"BreadcrumbList","@id":"https:\/\/artisansaloeuvre.com\/en\/policy-privacy\/#breadcrumb","itemListElement":[{"@type":"ListItem","position":1,"name":"Accueil","item":"https:\/\/artisansaloeuvre.com\/en\/"},{"@type":"ListItem","position":2,"name":"Policy privacy"}]},{"@type":"WebSite","@id":"https:\/\/artisansaloeuvre.com\/#website","url":"https:\/\/artisansaloeuvre.com\/","name":"Artisans \u00e0 l'oeuvre","description":"Exp\u00e9riences touristiques","potentialAction":[{"@type":"SearchAction","target":{"@type":"EntryPoint","urlTemplate":"https:\/\/artisansaloeuvre.com\/?s={search_term_string}"},"query-input":{"@type":"PropertyValueSpecification","valueRequired":true,"valueName":"search_term_string"}}],"inLanguage":"en-US"}]}},"_links":{"self":[{"href":"https:\/\/artisansaloeuvre.com\/en\/wp-json\/wp\/v2\/pages\/5881","targetHints":{"allow":["GET"]}}],"collection":[{"href":"https:\/\/artisansaloeuvre.com\/en\/wp-json\/wp\/v2\/pages"}],"about":[{"href":"https:\/\/artisansaloeuvre.com\/en\/wp-json\/wp\/v2\/types\/page"}],"author":[{"embeddable":true,"href":"https:\/\/artisansaloeuvre.com\/en\/wp-json\/wp\/v2\/users\/1"}],"replies":[{"embeddable":true,"href":"https:\/\/artisansaloeuvre.com\/en\/wp-json\/wp\/v2\/comments?post=5881"}],"version-history":[{"count":1,"href":"https:\/\/artisansaloeuvre.com\/en\/wp-json\/wp\/v2\/pages\/5881\/revisions"}],"predecessor-version":[{"id":5882,"href":"https:\/\/artisansaloeuvre.com\/en\/wp-json\/wp\/v2\/pages\/5881\/revisions\/5882"}],"wp:attachment":[{"href":"https:\/\/artisansaloeuvre.com\/en\/wp-json\/wp\/v2\/media?parent=5881"}],"curies":[{"name":"wp","href":"https:\/\/api.w.org\/{rel}","templated":true}]}}